{"id":783,"date":"2025-05-28T16:06:13","date_gmt":"2025-05-28T19:06:13","guid":{"rendered":"https:\/\/www.buloneratorcuato.com.ar\/tienda\/?post_type=product&#038;p=783"},"modified":"2025-05-28T16:06:21","modified_gmt":"2025-05-28T19:06:21","slug":"mecha-copa-diamantada-set-8-piezas-broca-vidrios-ceramica-marmol-mamposteria-6-8-10-12-15-20-25-40mm-inomax-m102-3","status":"publish","type":"product","link":"https:\/\/www.buloneratorcuato.com.ar\/tienda\/producto\/mecha-copa-diamantada-set-8-piezas-broca-vidrios-ceramica-marmol-mamposteria-6-8-10-12-15-20-25-40mm-inomax-m102-3\/","title":{"rendered":"Mecha Copa Diamantada Set 8 Piezas Broca Vidrios Ceramica Marmol Mamposteria 6, 8, 10, 12, 15, 20, 25, 40mm Inomax M102 3"},"content":{"rendered":"<p>Set de 8 Mechas Copa Diamantadas<br \/>\nIdeales para perforar con precisi\u00f3n una amplia variedad de materiales, incluyendo:<br \/>\n* Vidrio (botellas, cristales decorativos, espejos)<br \/>\n* Cer\u00e1mica y porcelanato<br \/>\n* M\u00e1rmol y granito<br \/>\n* Acr\u00edlicos y piedras naturales<\/p>\n<p>Di\u00e1metros incluidos en el set:<br \/>\n6mm<br \/>\n8mm<br \/>\n10mm<br \/>\n12mm<br \/>\n15mm<br \/>\n20mm<br \/>\n25mm<br \/>\n40mm<\/p>\n<p>* Cortes circulares perfectos con calidad profesional.<br \/>\n* Herramienta esencial para artesanos y profesionales.<\/p>\n","protected":false},"excerpt":{"rendered":"<p>\u00a1IMPORTANTE!<br \/>\nLas mechas copa diamantadas requieren refrigeraci\u00f3n constante con agua durante su uso. No deben utilizarse en seco, ya que esto reduce dr\u00e1sticamente su vida \u00fatil.<\/p>\n","protected":false},"featured_media":779,"comment_status":"open","ping_status":"closed","template":"","meta":{"site-sidebar-layout":"default","site-content-layout":"","ast-site-content-layout":"default","site-content-style":"default","site-sidebar-style":"default","ast-global-header-display":"","ast-banner-title-visibility":"","ast-main-header-display":"","ast-hfb-above-header-display":"","ast-hfb-below-header-display":"","ast-hfb-mobile-header-display":"","site-post-title":"","ast-breadcrumbs-content":"","ast-featured-img":"","footer-sml-layout":"","ast-disable-related-posts":"","theme-transparent-header-meta":"default","adv-header-id-meta":"","stick-header-meta":"","header-above-stick-meta":"","header-main-stick-meta":"","header-below-stick-meta":"","astra-migrate-meta-layouts":"set","ast-page-background-enabled":"default","ast-page-background-meta":{"desktop":{"background-color":"var(--ast-global-color-5)","background-image":"","background-repeat":"repeat","background-position":"center center","background-size":"auto","background-attachment":"scroll","background-type":"","background-media":"","overlay-type":"","overlay-color":"","overlay-opacity":"","overlay-gradient":""},"tablet":{"background-color":"","background-image":"","background-repeat":"repeat","background-position":"center center","background-size":"auto","background-attachment":"scroll","background-type":"","background-media":"","overlay-type":"","overlay-color":"","overlay-opacity":"","overlay-gradient":""},"mobile":{"background-color":"","background-image":"","background-repeat":"repeat","background-position":"center center","background-size":"auto","background-attachment":"scroll","background-type":"","background-media":"","overlay-type":"","overlay-color":"","overlay-opacity":"","overlay-gradient":""}},"ast-content-background-meta":{"desktop":{"background-color":"var(--ast-global-color-4)","background-image":"","background-repeat":"repeat","background-position":"center center","background-size":"auto","background-attachment":"scroll","background-type":"","background-media":"","overlay-type":"","overlay-color":"","overlay-opacity":"","overlay-gradient":""},"tablet":{"background-color":"var(--ast-global-color-4)","background-image":"","background-repeat":"repeat","background-position":"center center","background-size":"auto","background-attachment":"scroll","background-type":"","background-media":"","overlay-type":"","overlay-color":"","overlay-opacity":"","overlay-gradient":""},"mobile":{"background-color":"var(--ast-global-color-4)","background-image":"","background-repeat":"repeat","background-position":"center center","background-size":"auto","background-attachment":"scroll","background-type":"","background-media":"","overlay-type":"","overlay-color":"","overlay-opacity":"","overlay-gradient":""}},"_joinchat":[]},"product_brand":[],"product_cat":[82,78,83],"product_tag":[],"class_list":{"0":"post-783","1":"product","2":"type-product","3":"status-publish","4":"has-post-thumbnail","6":"product_cat-accesorios","7":"product_cat-ferreteria","8":"product_cat-puntas-diamantadas","9":"desktop-align-center","10":"tablet-align-left","11":"mobile-align-left","13":"first","14":"instock","15":"taxable","16":"shipping-taxable","17":"purchasable","18":"product-type-simple"},"_links":{"self":[{"href":"https:\/\/www.buloneratorcuato.com.ar\/tienda\/wp-json\/wp\/v2\/product\/783","targetHints":{"allow":["GET"]}}],"collection":[{"href":"https:\/\/www.buloneratorcuato.com.ar\/tienda\/wp-json\/wp\/v2\/product"}],"about":[{"href":"https:\/\/www.buloneratorcuato.com.ar\/tienda\/wp-json\/wp\/v2\/types\/product"}],"replies":[{"embeddable":true,"href":"https:\/\/www.buloneratorcuato.com.ar\/tienda\/wp-json\/wp\/v2\/comments?post=783"}],"wp:featuredmedia":[{"embeddable":true,"href":"https:\/\/www.buloneratorcuato.com.ar\/tienda\/wp-json\/wp\/v2\/media\/779"}],"wp:attachment":[{"href":"https:\/\/www.buloneratorcuato.com.ar\/tienda\/wp-json\/wp\/v2\/media?parent=783"}],"wp:term":[{"taxonomy":"product_brand","embeddable":true,"href":"https:\/\/www.buloneratorcuato.com.ar\/tienda\/wp-json\/wp\/v2\/product_brand?post=783"},{"taxonomy":"product_cat","embeddable":true,"href":"https:\/\/www.buloneratorcuato.com.ar\/tienda\/wp-json\/wp\/v2\/product_cat?post=783"},{"taxonomy":"product_tag","embeddable":true,"href":"https:\/\/www.buloneratorcuato.com.ar\/tienda\/wp-json\/wp\/v2\/product_tag?post=783"}],"curies":[{"name":"wp","href":"https:\/\/api.w.org\/{rel}","templated":true}]}}