{"id":697,"date":"2025-05-26T16:37:09","date_gmt":"2025-05-26T19:37:09","guid":{"rendered":"https:\/\/www.buloneratorcuato.com.ar\/tienda\/?post_type=product&#038;p=697"},"modified":"2025-05-26T16:38:17","modified_gmt":"2025-05-26T19:38:17","slug":"taladro-percutor-dewalt-dwd024-13-mm-710-w-2","status":"publish","type":"product","link":"https:\/\/www.buloneratorcuato.com.ar\/tienda\/producto\/taladro-percutor-dewalt-dwd024-13-mm-710-w-2\/","title":{"rendered":"Taladro Percutor Dewalt Dwd024 &#8211; 13 Mm \/ 710 W 2"},"content":{"rendered":"<p>Moderno y robusto, con pu\u00f1o de goma para un mejor y c\u00f3modo manejo de la herramienta. Cuenta con bot\u00f3n traba para trabajos continuos y portabrocas sin llave para un r\u00e1pido y f\u00e1cil cambio. Tiene velocidad variable y ranuras de ventilaci\u00f3n de aire para una mejor refrigeraci\u00f3n del motor. Es liviano lo que permite que sea pr\u00e1ctico de utilizar y reduce el cansancio del operario.<\/p>\n<p>Datos T\u00e9cnicos:<\/p>\n<p>* Potencia: 710 W<br \/>\n* Rotaci\u00f3n: 0 &#8211; 2800 RPM<br \/>\n* Mandril: 13 mm<br \/>\n* Perforaci\u00f3n en Mamposter\u00eda: 16 mm<br \/>\n* Perforaci\u00f3n en Madera: 25 mm<br \/>\n* Perforaci\u00f3n en Acero: 10 mm<br \/>\n* Peso: 1.8 Kg<\/p>\n","protected":false},"excerpt":{"rendered":"<p>Moderno y robusto, con pu\u00f1o de goma para un mejor y c\u00f3modo manejo de la herramienta. Cuenta con bot\u00f3n traba para trabajos continuos y portabrocas sin llave para un r\u00e1pido y f\u00e1cil cambio<\/p>\n","protected":false},"featured_media":689,"comment_status":"open","ping_status":"closed","template":"","meta":{"site-sidebar-layout":"default","site-content-layout":"","ast-site-content-layout":"default","site-content-style":"default","site-sidebar-style":"default","ast-global-header-display":"","ast-banner-title-visibility":"","ast-main-header-display":"","ast-hfb-above-header-display":"","ast-hfb-below-header-display":"","ast-hfb-mobile-header-display":"","site-post-title":"","ast-breadcrumbs-content":"","ast-featured-img":"","footer-sml-layout":"","ast-disable-related-posts":"","theme-transparent-header-meta":"default","adv-header-id-meta":"","stick-header-meta":"","header-above-stick-meta":"","header-main-stick-meta":"","header-below-stick-meta":"","astra-migrate-meta-layouts":"set","ast-page-background-enabled":"default","ast-page-background-meta":{"desktop":{"background-color":"var(--ast-global-color-5)","background-image":"","background-repeat":"repeat","background-position":"center center","background-size":"auto","background-attachment":"scroll","background-type":"","background-media":"","overlay-type":"","overlay-color":"","overlay-opacity":"","overlay-gradient":""},"tablet":{"background-color":"","background-image":"","background-repeat":"repeat","background-position":"center center","background-size":"auto","background-attachment":"scroll","background-type":"","background-media":"","overlay-type":"","overlay-color":"","overlay-opacity":"","overlay-gradient":""},"mobile":{"background-color":"","background-image":"","background-repeat":"repeat","background-position":"center center","background-size":"auto","background-attachment":"scroll","background-type":"","background-media":"","overlay-type":"","overlay-color":"","overlay-opacity":"","overlay-gradient":""}},"ast-content-background-meta":{"desktop":{"background-color":"var(--ast-global-color-4)","background-image":"","background-repeat":"repeat","background-position":"center center","background-size":"auto","background-attachment":"scroll","background-type":"","background-media":"","overlay-type":"","overlay-color":"","overlay-opacity":"","overlay-gradient":""},"tablet":{"background-color":"var(--ast-global-color-4)","background-image":"","background-repeat":"repeat","background-position":"center center","background-size":"auto","background-attachment":"scroll","background-type":"","background-media":"","overlay-type":"","overlay-color":"","overlay-opacity":"","overlay-gradient":""},"mobile":{"background-color":"var(--ast-global-color-4)","background-image":"","background-repeat":"repeat","background-position":"center center","background-size":"auto","background-attachment":"scroll","background-type":"","background-media":"","overlay-type":"","overlay-color":"","overlay-opacity":"","overlay-gradient":""}},"_joinchat":[]},"product_brand":[],"product_cat":[80,76],"product_tag":[],"class_list":{"0":"post-697","1":"product","2":"type-product","3":"status-publish","4":"has-post-thumbnail","6":"product_cat-agujereadoras","7":"product_cat-maquinas","8":"desktop-align-center","9":"tablet-align-left","10":"mobile-align-left","12":"first","13":"instock","14":"taxable","15":"shipping-taxable","16":"purchasable","17":"product-type-simple"},"_links":{"self":[{"href":"https:\/\/www.buloneratorcuato.com.ar\/tienda\/wp-json\/wp\/v2\/product\/697","targetHints":{"allow":["GET"]}}],"collection":[{"href":"https:\/\/www.buloneratorcuato.com.ar\/tienda\/wp-json\/wp\/v2\/product"}],"about":[{"href":"https:\/\/www.buloneratorcuato.com.ar\/tienda\/wp-json\/wp\/v2\/types\/product"}],"replies":[{"embeddable":true,"href":"https:\/\/www.buloneratorcuato.com.ar\/tienda\/wp-json\/wp\/v2\/comments?post=697"}],"wp:featuredmedia":[{"embeddable":true,"href":"https:\/\/www.buloneratorcuato.com.ar\/tienda\/wp-json\/wp\/v2\/media\/689"}],"wp:attachment":[{"href":"https:\/\/www.buloneratorcuato.com.ar\/tienda\/wp-json\/wp\/v2\/media?parent=697"}],"wp:term":[{"taxonomy":"product_brand","embeddable":true,"href":"https:\/\/www.buloneratorcuato.com.ar\/tienda\/wp-json\/wp\/v2\/product_brand?post=697"},{"taxonomy":"product_cat","embeddable":true,"href":"https:\/\/www.buloneratorcuato.com.ar\/tienda\/wp-json\/wp\/v2\/product_cat?post=697"},{"taxonomy":"product_tag","embeddable":true,"href":"https:\/\/www.buloneratorcuato.com.ar\/tienda\/wp-json\/wp\/v2\/product_tag?post=697"}],"curies":[{"name":"wp","href":"https:\/\/api.w.org\/{rel}","templated":true}]}}